{"id":2065,"date":"2024-11-10T00:13:09","date_gmt":"2024-11-09T21:13:09","guid":{"rendered":"https:\/\/ghresponse.org\/?page_id=2065"},"modified":"2024-11-10T00:16:00","modified_gmt":"2024-11-09T21:16:00","slug":"tarihce","status":"publish","type":"page","link":"https:\/\/ghresponse.org\/en\/tarihce\/","title":{"rendered":"History"},"content":{"rendered":"<figure class=\"wp-block-image size-full has-custom-border is-style-default\" style=\"margin-top:0;margin-bottom:0\"><img data-recalc-dims=\"1\" fetchpriority=\"high\" decoding=\"async\" width=\"883\" height=\"347\" data-attachment-id=\"830\" data-permalink=\"https:\/\/ghresponse.org\/en\/ghr__1-3\/\" data-orig-file=\"https:\/\/i0.wp.com\/ghresponse.org\/wp-content\/uploads\/2023\/09\/GHR__1-3.png?fit=883%2C347&amp;ssl=1\" data-orig-size=\"883,347\" data-comments-opened=\"1\" data-image-meta=\"{&quot;aperture&quot;:&quot;0&quot;,&quot;credit&quot;:&quot;&quot;,&quot;camera&quot;:&quot;&quot;,&quot;caption&quot;:&quot;&quot;,&quot;created_timestamp&quot;:&quot;0&quot;,&quot;copyright&quot;:&quot;&quot;,&quot;focal_length&quot;:&quot;0&quot;,&quot;iso&quot;:&quot;0&quot;,&quot;shutter_speed&quot;:&quot;0&quot;,&quot;title&quot;:&quot;&quot;,&quot;orientation&quot;:&quot;0&quot;}\" data-image-title=\"GHR__1\" data-image-description=\"\" data-image-caption=\"\" data-medium-file=\"https:\/\/i0.wp.com\/ghresponse.org\/wp-content\/uploads\/2023\/09\/GHR__1-3.png?fit=300%2C118&amp;ssl=1\" data-large-file=\"https:\/\/i0.wp.com\/ghresponse.org\/wp-content\/uploads\/2023\/09\/GHR__1-3.png?fit=883%2C347&amp;ssl=1\" src=\"https:\/\/ghresponse.org\/wp-content\/uploads\/2024\/11\/GHR__2.png\" alt=\"\" class=\"wp-image-830\" style=\"border-width:1px;border-radius:36px\" srcset=\"https:\/\/i0.wp.com\/ghresponse.org\/wp-content\/uploads\/2024\/11\/GHR__2.png?w=961&ssl=1 961w, https:\/\/i0.wp.com\/ghresponse.org\/wp-content\/uploads\/2024\/11\/GHR__2.png?resize=300%2C108&ssl=1 300w, https:\/\/i0.wp.com\/ghresponse.org\/wp-content\/uploads\/2024\/11\/GHR__2.png?resize=768%2C277&ssl=1 768w, https:\/\/i0.wp.com\/ghresponse.org\/wp-content\/uploads\/2024\/11\/GHR__2.png?resize=18%2C6&ssl=1 18w, https:\/\/i0.wp.com\/ghresponse.org\/wp-content\/uploads\/2024\/11\/GHR__2.png?resize=600%2C217&ssl=1 600w\" sizes=\"(max-width: 883px) 100vw, 883px\" \/><\/figure>\n\n\n\n<p class=\"ikiyanayasli wp-block-paragraph\" id=\"ikiyanayasli\">The idea to establish Global Humanitarian Response in 2023 came over a simple dinner of young humanitarian aid workers who were no longer working together. Each of them now worked in a different organization but was limited to using their potential, knowledge, and experience. With the bond they had and their passion to go beyond expectations, they rented a small office with big hopes and dreams for a brighter future for everyone.<\/p>\n\n\n\n<p class=\"ikiyanayasli wp-block-paragraph\" id=\"ikiyanayasli\">The first steps began voluntarily with generous donations and contributions from people who believed in the cause. That is why, the following steps will be easier as there are a lot of people out there who want to make a change.<\/p>\n\n\n\n<div style=\"height:41px\" aria-hidden=\"true\" class=\"wp-block-spacer\"><\/div>","protected":false},"excerpt":{"rendered":"<p>Global \u0130nsani Hareket olu\u015fumunu kurma fikri 2023 y\u0131l\u0131nda bir s\u00fcre birlikte \u00e7al\u0131\u015fan ve daha sonra farkl\u0131 kurumlarda g\u00f6rev alan gen\u00e7 insani yard\u0131m \u00e7al\u0131\u015fanlar\u0131n\u0131n bir araya geldi\u011fi k\u00fc\u00e7\u00fck bir ak\u015fam yeme\u011finde ortaya \u00e7\u0131kt\u0131. Bir s\u00fcredir farkl\u0131 kurumlarda g\u00f6rev yapan bu arkada\u015flar potansiyellerini ve deneyimlerini kullanmak konusunda kendilerini olduk\u00e7a s\u0131n\u0131rl\u0131 hissediyorlard\u0131. Aralar\u0131ndaki ba\u011f ve hayal ettiklerini ger\u00e7ekle\u015ftirme [&hellip;]<\/p>\n","protected":false},"author":239232838,"featured_media":0,"parent":0,"menu_order":0,"comment_status":"closed","ping_status":"closed","template":"","meta":{"_crdt_document":"","advanced_seo_description":"","jetpack_seo_html_title":"","jetpack_seo_noindex":false,"jetpack_post_was_ever_published":false,"footnotes":""},"class_list":["post-2065","page","type-page","status-publish","hentry"],"jetpack_likes_enabled":true,"jetpack_sharing_enabled":true,"jetpack_shortlink":"https:\/\/wp.me\/Pf5ls0-xj","jetpack-related-posts":[],"_links":{"self":[{"href":"https:\/\/ghresponse.org\/en\/wp-json\/wp\/v2\/pages\/2065","targetHints":{"allow":["GET"]}}],"collection":[{"href":"https:\/\/ghresponse.org\/en\/wp-json\/wp\/v2\/pages"}],"about":[{"href":"https:\/\/ghresponse.org\/en\/wp-json\/wp\/v2\/types\/page"}],"author":[{"embeddable":true,"href":"https:\/\/ghresponse.org\/en\/wp-json\/wp\/v2\/users\/239232838"}],"replies":[{"embeddable":true,"href":"https:\/\/ghresponse.org\/en\/wp-json\/wp\/v2\/comments?post=2065"}],"version-history":[{"count":8,"href":"https:\/\/ghresponse.org\/en\/wp-json\/wp\/v2\/pages\/2065\/revisions"}],"predecessor-version":[{"id":2075,"href":"https:\/\/ghresponse.org\/en\/wp-json\/wp\/v2\/pages\/2065\/revisions\/2075"}],"wp:attachment":[{"href":"https:\/\/ghresponse.org\/en\/wp-json\/wp\/v2\/media?parent=2065"}],"curies":[{"name":"wp","href":"https:\/\/api.w.org\/{rel}","templated":true}]}}