{"id":2004,"date":"2024-11-09T23:10:36","date_gmt":"2024-11-09T20:10:36","guid":{"rendered":"https:\/\/ghresponse.org\/?page_id=2004"},"modified":"2025-04-21T15:13:52","modified_gmt":"2025-04-21T12:13:52","slug":"kurumsal-kaynaklar","status":"publish","type":"page","link":"https:\/\/ghresponse.org\/en\/kurumsal-kaynaklar\/","title":{"rendered":"Institutional Resources"},"content":{"rendered":"<div style=\"height:38px\" aria-hidden=\"true\" class=\"wp-block-spacer\"><\/div>\n\n\n\n<div class=\"wp-block-columns alignwide is-layout-flex wp-container-core-columns-is-layout-f56f613f wp-block-columns-is-layout-flex\">\n<div class=\"wp-block-column is-layout-flow wp-block-column-is-layout-flow\">\n<p class=\"has-foreground-color has-text-color has-link-color wp-elements-d7172306bf3f8dbd5c052b2bb6c73d64 wp-block-paragraph\"><em>Institutional Resources<\/em><\/p>\n\n\n\n<p class=\"has-foreground-color has-text-color has-link-color wp-elements-94d0153b904d7654304ef2b231f3cdf6 wp-block-paragraph\" id=\"block-73c7eaf2-f86d-48bb-ab7a-b2628fc4843c\" style=\"font-size:32px;line-height:0.5\"><a href=\"https:\/\/ghresponse.org\/en\/gih-2023-genel-kurul-ilani\/\">GHR 2023 General Assembly Announcement<\/a><\/p>\n\n\n\n<p class=\"wp-block-paragraph\" id=\"block-b10e4d8e-8491-47a4-af21-d6bb547c81dc\" style=\"line-height:0.7\">10.10.2023<\/p>\n<\/div>\n<\/div>\n\n\n\n<div class=\"wp-block-columns alignwide is-layout-flex wp-container-core-columns-is-layout-f56f613f wp-block-columns-is-layout-flex\">\n<div class=\"wp-block-column is-layout-flow wp-block-column-is-layout-flow\"><\/div>\n<\/div>\n\n\n\n<div style=\"height:54px\" aria-hidden=\"true\" class=\"wp-block-spacer\"><\/div>\n\n\n\n<p class=\"wp-block-paragraph\"><\/p>","protected":false},"excerpt":{"rendered":"<p>Kurumsal Kaynaklar G\u0130H 2023 Genel Kurul Toplant\u0131 \u0130lan\u0131 10.10.2023<\/p>","protected":false},"author":239232838,"featured_media":0,"parent":0,"menu_order":0,"comment_status":"closed","ping_status":"closed","template":"","meta":{"_crdt_document":"","advanced_seo_description":"","jetpack_seo_html_title":"","jetpack_seo_noindex":false,"footnotes":""},"class_list":["post-2004","page","type-page","status-publish","hentry"],"jetpack_likes_enabled":true,"jetpack_sharing_enabled":true,"jetpack_shortlink":"https:\/\/wp.me\/Pf5ls0-wk","jetpack-related-posts":[],"_links":{"self":[{"href":"https:\/\/ghresponse.org\/en\/wp-json\/wp\/v2\/pages\/2004","targetHints":{"allow":["GET"]}}],"collection":[{"href":"https:\/\/ghresponse.org\/en\/wp-json\/wp\/v2\/pages"}],"about":[{"href":"https:\/\/ghresponse.org\/en\/wp-json\/wp\/v2\/types\/page"}],"author":[{"embeddable":true,"href":"https:\/\/ghresponse.org\/en\/wp-json\/wp\/v2\/users\/239232838"}],"replies":[{"embeddable":true,"href":"https:\/\/ghresponse.org\/en\/wp-json\/wp\/v2\/comments?post=2004"}],"version-history":[{"count":13,"href":"https:\/\/ghresponse.org\/en\/wp-json\/wp\/v2\/pages\/2004\/revisions"}],"predecessor-version":[{"id":2021,"href":"https:\/\/ghresponse.org\/en\/wp-json\/wp\/v2\/pages\/2004\/revisions\/2021"}],"wp:attachment":[{"href":"https:\/\/ghresponse.org\/en\/wp-json\/wp\/v2\/media?parent=2004"}],"curies":[{"name":"wp","href":"https:\/\/api.w.org\/{rel}","templated":true}]}}