{"id":1613,"date":"2024-11-03T14:37:13","date_gmt":"2024-11-03T11:37:13","guid":{"rendered":"https:\/\/ghresponse.org\/?page_id=1613"},"modified":"2024-11-21T14:48:07","modified_gmt":"2024-11-21T11:48:07","slug":"gecim-kaynagi","status":"publish","type":"page","link":"https:\/\/ghresponse.org\/en\/gecim-kaynagi\/","title":{"rendered":"Livelihood"},"content":{"rendered":"<div class=\"wp-block-group alignfull is-content-justification-center is-layout-constrained wp-block-group-is-layout-constrained\" style=\"margin-top:0;margin-bottom:0\">\n<div style=\"height:var(--wp--preset--spacing--40)\" aria-hidden=\"true\" class=\"wp-block-spacer\"><\/div>\n\n\n\n<div style=\"height:72px\" aria-hidden=\"true\" class=\"wp-block-spacer\"><\/div>\n<\/div>\n\n\n\n<div class=\"wp-block-group alignfull is-content-justification-center is-layout-constrained wp-container-core-group-is-layout-97ce6cd5 wp-block-group-is-layout-constrained\" style=\"margin-top:0;margin-bottom:0;padding-top:calc( 0.5 * var(u002du002dwpu002du002dstyleu002du002drootu002du002dpadding-right, var(u002du002dwpu002du002dcustomu002du002dgapu002du002dhorizontal)));padding-right:var(u002du002dwpu002du002dstyleu002du002drootu002du002dpadding-right, var(u002du002dwpu002du002dcustomu002du002dgapu002du002dhorizontal));padding-bottom:calc( 0.5 * var(u002du002dwpu002du002dstyleu002du002drootu002du002dpadding-right, var(u002du002dwpu002du002dcustomu002du002dgapu002du002dhorizontal)));padding-left:var(u002du002dwpu002du002dstyleu002du002drootu002du002dpadding-left, var(u002du002dwpu002du002dcustomu002du002dgapu002du002dhorizontal))\">\n<div class=\"wp-block-columns alignwide is-layout-flex wp-container-core-columns-is-layout-2e24ed75 wp-block-columns-is-layout-flex\">\n<div class=\"wp-block-column is-vertically-aligned-center is-layout-flow wp-container-core-column-is-layout-c3335cb0 wp-block-column-is-layout-flow\" style=\"padding-top:0;padding-bottom:0\">\n<h1 class=\"wp-block-heading\" style=\"font-size:110px;font-style:normal;font-weight:700\">Livelihood<\/h1>\n\n\n\n<div style=\"height:8px\" aria-hidden=\"true\" class=\"wp-block-spacer\"><\/div>\n\n\n\n<p class=\"ikiyanayasli has-foreground-color has-text-color has-link-color wp-elements-f93e4c2d65609587795b6aa72861c40a wp-block-paragraph\" id=\"ikiyanayasli\"><br><br>Livelihood refers to how an individual sustains their life by utilizing available resources to generate income. These resources may include natural elements (such as land and water), economic factors (like job opportunities and financial tools), human resources (including education and skills), social factors (such as networks and community support), and physical elements (like infrastructure and housing).<\/p>\n\n\n\n<pre class=\"wp-block-verse is-style-legal-counselor-wp-verse has-background-background-color has-background\" style=\"font-size:17px\">\u275d<em>According to data from the United Nations Department of Economic and Social Affairs, approximately <strong>3.2 billion people<\/strong>worldwide lack a secure livelihood due to poverty, climate change, conflicts, and economic turmoil.<\/em>\u275e<br><\/pre>\n<\/div>\n\n\n\n<div class=\"wp-block-column is-vertically-aligned-bottom is-layout-flow wp-block-column-is-layout-flow\">\n<figure class=\"wp-block-image size-full is-resized\" style=\"margin-right:var(--wp--preset--spacing--70);margin-left:var(--wp--preset--spacing--70)\"><img data-recalc-dims=\"1\" fetchpriority=\"high\" decoding=\"async\" width=\"1024\" height=\"1024\" data-attachment-id=\"1615\" data-permalink=\"https:\/\/ghresponse.org\/en\/gecim-kaynagi\/somalia-livelihood-2\/\" data-orig-file=\"https:\/\/i0.wp.com\/ghresponse.org\/wp-content\/uploads\/2024\/11\/Somalia-Livelihood-2.png?fit=1024%2C1024&amp;ssl=1\" data-orig-size=\"1024,1024\" data-comments-opened=\"1\" data-image-meta=\"{&quot;aperture&quot;:&quot;0&quot;,&quot;credit&quot;:&quot;&quot;,&quot;camera&quot;:&quot;&quot;,&quot;caption&quot;:&quot;&quot;,&quot;created_timestamp&quot;:&quot;0&quot;,&quot;copyright&quot;:&quot;&quot;,&quot;focal_length&quot;:&quot;0&quot;,&quot;iso&quot;:&quot;0&quot;,&quot;shutter_speed&quot;:&quot;0&quot;,&quot;title&quot;:&quot;&quot;,&quot;orientation&quot;:&quot;0&quot;}\" data-image-title=\"Somalia Livelihood 2\" data-image-description=\"\" data-image-caption=\"\" data-medium-file=\"https:\/\/i0.wp.com\/ghresponse.org\/wp-content\/uploads\/2024\/11\/Somalia-Livelihood-2.png?fit=300%2C300&amp;ssl=1\" data-large-file=\"https:\/\/i0.wp.com\/ghresponse.org\/wp-content\/uploads\/2024\/11\/Somalia-Livelihood-2.png?fit=1024%2C1024&amp;ssl=1\" src=\"https:\/\/i0.wp.com\/ghresponse.org\/wp-content\/uploads\/2024\/11\/Somalia-Livelihood-2.png?resize=1024%2C1024&#038;ssl=1\" alt=\"\" class=\"wp-image-1615\" style=\"aspect-ratio:1;object-fit:cover;width:576px;height:auto\" srcset=\"https:\/\/i0.wp.com\/ghresponse.org\/wp-content\/uploads\/2024\/11\/Somalia-Livelihood-2.png?w=1024&amp;ssl=1 1024w, https:\/\/i0.wp.com\/ghresponse.org\/wp-content\/uploads\/2024\/11\/Somalia-Livelihood-2.png?resize=300%2C300&amp;ssl=1 300w, https:\/\/i0.wp.com\/ghresponse.org\/wp-content\/uploads\/2024\/11\/Somalia-Livelihood-2.png?resize=150%2C150&amp;ssl=1 150w, https:\/\/i0.wp.com\/ghresponse.org\/wp-content\/uploads\/2024\/11\/Somalia-Livelihood-2.png?resize=768%2C768&amp;ssl=1 768w, https:\/\/i0.wp.com\/ghresponse.org\/wp-content\/uploads\/2024\/11\/Somalia-Livelihood-2.png?resize=800%2C800&amp;ssl=1 800w, https:\/\/i0.wp.com\/ghresponse.org\/wp-content\/uploads\/2024\/11\/Somalia-Livelihood-2.png?resize=600%2C600&amp;ssl=1 600w, https:\/\/i0.wp.com\/ghresponse.org\/wp-content\/uploads\/2024\/11\/Somalia-Livelihood-2.png?resize=400%2C400&amp;ssl=1 400w, https:\/\/i0.wp.com\/ghresponse.org\/wp-content\/uploads\/2024\/11\/Somalia-Livelihood-2.png?resize=200%2C200&amp;ssl=1 200w\" sizes=\"(max-width: 1000px) 100vw, 1000px\" \/><\/figure>\n<\/div>\n<\/div>\n\n\n\n<div style=\"height:0px\" aria-hidden=\"true\" class=\"wp-block-spacer\"><\/div>\n\n\n\n<div style=\"height:15px\" aria-hidden=\"true\" class=\"wp-block-spacer\"><\/div>\n<\/div>\n\n\n\n<div class=\"wp-block-columns alignwide is-layout-flex wp-container-core-columns-is-layout-f56f613f wp-block-columns-is-layout-flex\">\n<div class=\"wp-block-column is-vertically-aligned-top is-layout-flow wp-block-column-is-layout-flow\">\n<div style=\"height:25px\" aria-hidden=\"true\" class=\"wp-block-spacer\"><\/div>\n\n\n\n<h1 class=\"wp-block-heading has-black-color has-text-color has-link-color wp-elements-af078c0cee9129c265995d9792a47966\" style=\"font-size:35px\"><strong>Why it is important to implement livelihood projects?<\/strong><\/h1>\n\n\n\n<p class=\"ikiyanayasli has-black-color has-text-color has-link-color wp-elements-9bec50a020bfdcd92cda8a4366fc8c05 wp-block-paragraph\" id=\"ikiyanayasli\">Not everyone lives under equal conditions on this earth. Sometimes, due to the climate, natural disasters, war, or a country's development, people are forced to migrate to survive and provide basic needs for their families. The groups are vulnerable, and they need assistance in creating alternative livelihoods in the medium and long term.<\/p>\n<\/div>\n<\/div>\n\n\n\n<div style=\"height:39px\" aria-hidden=\"true\" class=\"wp-block-spacer\"><\/div>\n\n\n\n<div class=\"wp-block-columns alignwide is-layout-flex wp-container-core-columns-is-layout-2e24ed75 wp-block-columns-is-layout-flex\">\n<div class=\"wp-block-column is-vertically-aligned-bottom is-layout-flow wp-block-column-is-layout-flow\">\n<figure class=\"wp-block-image size-full is-resized\"><img data-recalc-dims=\"1\" decoding=\"async\" width=\"1024\" height=\"1024\" data-attachment-id=\"1616\" data-permalink=\"https:\/\/ghresponse.org\/en\/gecim-kaynagi\/menes2043_in_a_drought-prone_region_of_yemen_men_and_women_are__92771a37-0c35-414e-a203-80ec255\/\" data-orig-file=\"https:\/\/i0.wp.com\/ghresponse.org\/wp-content\/uploads\/2024\/11\/menes2043_In_a_drought-prone_region_of_Yemen_men_and_women_are__92771a37-0c35-414e-a203-80ec255.png?fit=1024%2C1024&amp;ssl=1\" data-orig-size=\"1024,1024\" data-comments-opened=\"1\" data-image-meta=\"{&quot;aperture&quot;:&quot;0&quot;,&quot;credit&quot;:&quot;&quot;,&quot;camera&quot;:&quot;&quot;,&quot;caption&quot;:&quot;&quot;,&quot;created_timestamp&quot;:&quot;0&quot;,&quot;copyright&quot;:&quot;&quot;,&quot;focal_length&quot;:&quot;0&quot;,&quot;iso&quot;:&quot;0&quot;,&quot;shutter_speed&quot;:&quot;0&quot;,&quot;title&quot;:&quot;&quot;,&quot;orientation&quot;:&quot;0&quot;}\" data-image-title=\"menes2043_In_a_drought-prone_region_of_Yemen_men_and_women_are__92771a37-0c35-414e-a203-80ec255\" data-image-description=\"\" data-image-caption=\"\" data-medium-file=\"https:\/\/i0.wp.com\/ghresponse.org\/wp-content\/uploads\/2024\/11\/menes2043_In_a_drought-prone_region_of_Yemen_men_and_women_are__92771a37-0c35-414e-a203-80ec255.png?fit=300%2C300&amp;ssl=1\" data-large-file=\"https:\/\/i0.wp.com\/ghresponse.org\/wp-content\/uploads\/2024\/11\/menes2043_In_a_drought-prone_region_of_Yemen_men_and_women_are__92771a37-0c35-414e-a203-80ec255.png?fit=1024%2C1024&amp;ssl=1\" src=\"https:\/\/i0.wp.com\/ghresponse.org\/wp-content\/uploads\/2024\/11\/menes2043_In_a_drought-prone_region_of_Yemen_men_and_women_are__92771a37-0c35-414e-a203-80ec255.png?resize=1024%2C1024&#038;ssl=1\" alt=\"\" class=\"wp-image-1616\" style=\"aspect-ratio:1;object-fit:cover;width:626px;height:auto\" srcset=\"https:\/\/i0.wp.com\/ghresponse.org\/wp-content\/uploads\/2024\/11\/menes2043_In_a_drought-prone_region_of_Yemen_men_and_women_are__92771a37-0c35-414e-a203-80ec255.png?w=1024&amp;ssl=1 1024w, https:\/\/i0.wp.com\/ghresponse.org\/wp-content\/uploads\/2024\/11\/menes2043_In_a_drought-prone_region_of_Yemen_men_and_women_are__92771a37-0c35-414e-a203-80ec255.png?resize=300%2C300&amp;ssl=1 300w, https:\/\/i0.wp.com\/ghresponse.org\/wp-content\/uploads\/2024\/11\/menes2043_In_a_drought-prone_region_of_Yemen_men_and_women_are__92771a37-0c35-414e-a203-80ec255.png?resize=150%2C150&amp;ssl=1 150w, https:\/\/i0.wp.com\/ghresponse.org\/wp-content\/uploads\/2024\/11\/menes2043_In_a_drought-prone_region_of_Yemen_men_and_women_are__92771a37-0c35-414e-a203-80ec255.png?resize=768%2C768&amp;ssl=1 768w, https:\/\/i0.wp.com\/ghresponse.org\/wp-content\/uploads\/2024\/11\/menes2043_In_a_drought-prone_region_of_Yemen_men_and_women_are__92771a37-0c35-414e-a203-80ec255.png?resize=800%2C800&amp;ssl=1 800w, https:\/\/i0.wp.com\/ghresponse.org\/wp-content\/uploads\/2024\/11\/menes2043_In_a_drought-prone_region_of_Yemen_men_and_women_are__92771a37-0c35-414e-a203-80ec255.png?resize=600%2C600&amp;ssl=1 600w, https:\/\/i0.wp.com\/ghresponse.org\/wp-content\/uploads\/2024\/11\/menes2043_In_a_drought-prone_region_of_Yemen_men_and_women_are__92771a37-0c35-414e-a203-80ec255.png?resize=400%2C400&amp;ssl=1 400w, https:\/\/i0.wp.com\/ghresponse.org\/wp-content\/uploads\/2024\/11\/menes2043_In_a_drought-prone_region_of_Yemen_men_and_women_are__92771a37-0c35-414e-a203-80ec255.png?resize=200%2C200&amp;ssl=1 200w\" sizes=\"(max-width: 1000px) 100vw, 1000px\" \/><\/figure>\n<\/div>\n\n\n\n<div class=\"wp-block-column is-vertically-aligned-center is-layout-flow wp-container-core-column-is-layout-63e29e32 wp-block-column-is-layout-flow\" style=\"padding-top:0;padding-right:var(--wp--preset--spacing--50);padding-bottom:0;padding-left:var(--wp--preset--spacing--50)\">\n<h2 class=\"wp-block-heading has-text-align-left\" style=\"font-size:35px\"><strong>What GHR is doing?<\/strong><\/h2>\n\n\n\n<p class=\"has-text-align-left ikiyanayasli has-foreground-color has-text-color has-link-color wp-elements-11592d0293febdbf80c12c2ecb392128 wp-block-paragraph\" id=\"ikiyanayasli\">GHR aims not just to address immediate needs with one-time aid but to develop long-term strategies that lead to lasting improvements. The focus is on helping individuals become self-sufficient and contribute to their communities. Through sustainable projects, GHR supports local production and development processes, utilizing regional resources to foster growth and independence.<\/p>\n\n\n\n<p class=\"has-text-align-left ikiyanayasli has-foreground-color has-text-color has-link-color wp-elements-91dbb6e27bcb5172e774094f0d169f8b wp-block-paragraph\" id=\"ikiyanayasli\">By improving the production capacity of local populations, these efforts improve daily life and lay the foundation for communities to become self-reliant. GHR\u2019s work helps build resilience and promote long-term prosperity, empowering individuals with the tools and resources to thrive and achieve enduring progress.<\/p>\n<\/div>\n<\/div>\n\n\n\n<div style=\"height:17px\" aria-hidden=\"true\" class=\"wp-block-spacer\"><\/div>\n\n\n\n<p class=\"wp-block-paragraph\"><\/p>","protected":false},"excerpt":{"rendered":"<p>Ge\u00e7im Kayna\u011f\u0131 Ge\u00e7im kayna\u011f\u0131, bir bireyin ya\u015fam\u0131n\u0131 s\u00fcrd\u00fcrebilmesi i\u00e7in gerekli olan temel ihtiya\u00e7lar\u0131 kar\u015f\u0131lamak amac\u0131yla mevcut kaynaklardan faydalanarak kazan\u00e7 elde etme yoludur. Bu kaynaklar, do\u011fal (toprak, su gibi), ekonomik (i\u015f f\u0131rsatlar\u0131, finansal ara\u00e7lar), be\u015feri (e\u011fitim, beceriler), sosyal (a\u011flar, topluluk deste\u011fi) ve fiziksel (altyap\u0131, bar\u0131nma) unsurlar\u0131 i\u00e7erebilir. \u275dBirle\u015fmi\u015f Milletler Ekonomik ve Sosyal \u0130\u015fler B\u00f6l\u00fcm\u00fc verilerine&nbsp;g\u00f6re d\u00fcnya [&hellip;]<\/p>\n","protected":false},"author":239232838,"featured_media":0,"parent":0,"menu_order":0,"comment_status":"closed","ping_status":"closed","template":"","meta":{"_crdt_document":"","advanced_seo_description":"","jetpack_seo_html_title":"","jetpack_seo_noindex":false,"jetpack_post_was_ever_published":false,"footnotes":""},"class_list":["post-1613","page","type-page","status-publish","hentry"],"jetpack_likes_enabled":true,"jetpack_sharing_enabled":true,"jetpack_shortlink":"https:\/\/wp.me\/Pf5ls0-q1","jetpack-related-posts":[],"_links":{"self":[{"href":"https:\/\/ghresponse.org\/en\/wp-json\/wp\/v2\/pages\/1613","targetHints":{"allow":["GET"]}}],"collection":[{"href":"https:\/\/ghresponse.org\/en\/wp-json\/wp\/v2\/pages"}],"about":[{"href":"https:\/\/ghresponse.org\/en\/wp-json\/wp\/v2\/types\/page"}],"author":[{"embeddable":true,"href":"https:\/\/ghresponse.org\/en\/wp-json\/wp\/v2\/users\/239232838"}],"replies":[{"embeddable":true,"href":"https:\/\/ghresponse.org\/en\/wp-json\/wp\/v2\/comments?post=1613"}],"version-history":[{"count":9,"href":"https:\/\/ghresponse.org\/en\/wp-json\/wp\/v2\/pages\/1613\/revisions"}],"predecessor-version":[{"id":2682,"href":"https:\/\/ghresponse.org\/en\/wp-json\/wp\/v2\/pages\/1613\/revisions\/2682"}],"wp:attachment":[{"href":"https:\/\/ghresponse.org\/en\/wp-json\/wp\/v2\/media?parent=1613"}],"curies":[{"name":"wp","href":"https:\/\/api.w.org\/{rel}","templated":true}]}}